{"id":18605,"date":"2024-09-03T12:55:03","date_gmt":"2024-09-03T10:55:03","guid":{"rendered":"https:\/\/fluidtime.com\/maas-symposium-2021\/lower-austria-business-park-ecosystem\/"},"modified":"2024-10-08T12:59:13","modified_gmt":"2024-10-08T10:59:13","slug":"maas-ecosystem-lower-austria-business-park-ecosystem","status":"publish","type":"page","link":"https:\/\/fluidtime.com\/en\/maas-symposium-2021-en\/maas-ecosystem-lower-austria-business-park-ecosystem\/","title":{"rendered":"MaaS \u00d6kosystem Nieder\u00f6sterreich Business Park \u00d6kosystem &#8211; EN"},"content":{"rendered":"\n<style type=\"text\/css\" data-created_by=\"avia_inline_auto\" id=\"style-css-av-16kgmz-c92b4db61e6af4af060b5f8fed9e5eb2\">\n#top .flex_column.av-16kgmz-c92b4db61e6af4af060b5f8fed9e5eb2{\nmargin-top:0px;\nmargin-bottom:0px;\n}\n.flex_column.av-16kgmz-c92b4db61e6af4af060b5f8fed9e5eb2{\nborder-radius:0px 0px 0px 0px;\npadding:0px 0px 0px 0px;\n}\n.responsive #top #wrap_all .flex_column.av-16kgmz-c92b4db61e6af4af060b5f8fed9e5eb2{\nmargin-top:0px;\nmargin-bottom:0px;\n}\n<\/style>\n<div  class='flex_column av-16kgmz-c92b4db61e6af4af060b5f8fed9e5eb2 av_one_third  avia-builder-el-0  el_before_av_two_third  avia-builder-el-first  first flex_column_div av-zero-column-padding  '     ><p>\n<style type=\"text\/css\" data-created_by=\"avia_inline_auto\" id=\"style-css-av-kobkevrt-1ba2397a662eb560944bdd100f9dd3c0\">\n#top .av-special-heading.av-kobkevrt-1ba2397a662eb560944bdd100f9dd3c0{\npadding-bottom:10px;\n}\nbody .av-special-heading.av-kobkevrt-1ba2397a662eb560944bdd100f9dd3c0 .av-special-heading-tag .heading-char{\nfont-size:25px;\n}\n.av-special-heading.av-kobkevrt-1ba2397a662eb560944bdd100f9dd3c0 .av-subheading{\nfont-size:15px;\n}\n<\/style>\n<div  class='av-special-heading av-kobkevrt-1ba2397a662eb560944bdd100f9dd3c0 av-special-heading-h1 blockquote modern-quote  avia-builder-el-1  el_before_av_textblock  avia-builder-el-first '><div class='av-subheading av-subheading_above'><p>Lower Austria<\/p>\n<\/div><h1 class='av-special-heading-tag '  itemprop=\"headline\"  >Business Park<\/h1><div class=\"special-heading-border\"><div class=\"special-heading-inner-border\"><\/div><\/div><\/div><br \/>\n<section  class='av_textblock_section av-kobkfe1d-14f46ada5e39dfe49ec23643a5e7ec52 '   itemscope=\"itemscope\" itemtype=\"https:\/\/schema.org\/CreativeWork\" ><div class='avia_textblock'  itemprop=\"text\" ><p><img loading=\"lazy\" decoding=\"async\" class=\"speaker_img2021 alignnone wp-image-14190 size-full\" src=\"https:\/\/www.fluidtime.com\/wp-content\/uploads\/2022\/11\/Susanna-Hauptmann-Ambassador-NOE.webp\" alt=\"\" width=\"150\" height=\"150\"><\/p>\n<div class=\"square-border-symposium2021\"><\/div>\n<\/div><\/section><br \/>\n\n<style type=\"text\/css\" data-created_by=\"avia_inline_auto\" id=\"style-css-av-b8cidn-9de11e36fad1965042d2be15e94036c0\">\n#top .hr.hr-invisible.av-b8cidn-9de11e36fad1965042d2be15e94036c0{\nheight:4px;\n}\n<\/style>\n<div  class='hr av-b8cidn-9de11e36fad1965042d2be15e94036c0 hr-invisible  avia-builder-el-3  el_after_av_textblock  el_before_av_textblock '><span class='hr-inner '><span class=\"hr-inner-style\"><\/span><\/span><\/div><br \/>\n<section  class='av_textblock_section av-kobkfmh6-ae7b292645630a3c4989a866f8e2ac1b '   itemscope=\"itemscope\" itemtype=\"https:\/\/schema.org\/CreativeWork\" ><div class='avia_textblock'  itemprop=\"text\" ><p>MaaS Ambassador <span style=\"font-size: 20px;\"><strong style=\"color: #000000;\">Susanna Hauptmann <\/strong><\/span><\/p>\n<\/div><\/section><br \/>\n\n<style type=\"text\/css\" data-created_by=\"avia_inline_auto\" id=\"style-css-av-8hirob-e56973d6f074ebd785b5e5d5b682ec7f\">\n.av_font_icon.av-8hirob-e56973d6f074ebd785b5e5d5b682ec7f{\ncolor:#533fa1;\nborder-color:#533fa1;\n}\n.avia-svg-icon.av-8hirob-e56973d6f074ebd785b5e5d5b682ec7f svg:first-child{\nstroke:#533fa1;\nfill:#533fa1;\n}\n.av_font_icon.av-8hirob-e56973d6f074ebd785b5e5d5b682ec7f .av-icon-char{\nfont-size:40px;\nline-height:40px;\n}\n<\/style>\n<span  class='av_font_icon av-8hirob-e56973d6f074ebd785b5e5d5b682ec7f avia_animate_when_visible av-icon-style- avia-icon-pos-left avia-iconfont avia-font-entypo-fontello avia-icon-animate'><span class='av-icon-char' data-av_icon='\ue833' data-av_iconfont='entypo-fontello' aria-hidden=\"true\" ><\/span><\/span><br \/>\n<section  class='av_textblock_section av-kobkh29b-bec8dcb4162b4bfc3416e08e062b7798 '   itemscope=\"itemscope\" itemtype=\"https:\/\/schema.org\/CreativeWork\" ><div class='avia_textblock'  itemprop=\"text\" ><p><em style=\"color: #533fa1;\">There is a great need to improve the mobility of the 11,000 employees at this location. The business park is expected to act, but for the most part does not have the specific skills to do so. Therefore, the most important steps towards integrated and attractive mobility in the business park are solution alliances. In such a complex and multi-layered environment, we need to develop \u201cexternal\u201d solution alliances with MSPs, TSPs and authorities and \u201cinternal\u201d solution alliances with the individual companies and their many employees.   <\/em><\/p>\n<\/div><\/section><br \/>\n<section  class='av_textblock_section av-793ty3-2c116becd1b37870ce592ef64f19ed41 '   itemscope=\"itemscope\" itemtype=\"https:\/\/schema.org\/CreativeWork\" ><div class='av-desktop-hide av-medium-hide avia_textblock'  itemprop=\"text\" ><p><span style=\"font-size: 20px;\"><strong style=\"color: #000000;\">MaaS Scale: <\/strong><\/span><br \/>\n<img loading=\"lazy\" decoding=\"async\" class=\"alignnone wp-image-14174 size-full\" title=\"MaaS Scale - 2\" src=\"https:\/\/www.fluidtime.com\/wp-content\/uploads\/2022\/11\/maasscale_1-1.webp\" alt=\"\" width=\"242\" height=\"44\"><\/p>\n<p style=\"color: #999999; font-size: 0.6em; line-height: normal;\">\n<p> MaaS scale: (1= We are thinking about MaaS, 4= We have a good MaaS solution but would like to improve\/expand it)<\/p>\n<\/div><\/section><\/p><\/div>\n\n<style type=\"text\/css\" data-created_by=\"avia_inline_auto\" id=\"style-css-av-67pt5n-0f57c6e222a696b734195893da7fac95\">\n#top .flex_column.av-67pt5n-0f57c6e222a696b734195893da7fac95{\nmargin-top:0px;\nmargin-bottom:0px;\n}\n.flex_column.av-67pt5n-0f57c6e222a696b734195893da7fac95{\nborder-radius:0px 0px 0px 0px;\npadding:0 0px 0px 0px;\n}\n.responsive #top #wrap_all .flex_column.av-67pt5n-0f57c6e222a696b734195893da7fac95{\nmargin-top:0px;\nmargin-bottom:0px;\n}\n<\/style>\n<div  class='flex_column av-67pt5n-0f57c6e222a696b734195893da7fac95 av_two_third  avia-builder-el-8  el_after_av_one_third  avia-builder-el-last  flex_column_div  '     ><section  class='av_textblock_section av-kobkhulp-e8cdc20256198d6940a88fa416615269 '   itemscope=\"itemscope\" itemtype=\"https:\/\/schema.org\/CreativeWork\" ><div class='av-small-hide av-mini-hide avia_textblock float_right_scale'  itemprop=\"text\" ><div style=\"float: right;\">\n<p style=\"text-align: left;\"><strong><span style=\"color: #000000;\">MaaS Scale:<\/span><\/strong><img loading=\"lazy\" decoding=\"async\" class=\"alignnone wp-image-14174 size-full\" src=\"https:\/\/www.fluidtime.com\/wp-content\/uploads\/2022\/11\/maasscale_1-1.webp\" alt=\"\" width=\"242\" height=\"44\"><\/p>\n<\/div>\n<\/div><\/section><br \/>\n\n<style type=\"text\/css\" data-created_by=\"avia_inline_auto\" id=\"style-css-av-dci9n-2a436940652dc3919a3cc58905a1ed76\">\n#top .hr.hr-invisible.av-dci9n-2a436940652dc3919a3cc58905a1ed76{\nheight:16px;\n}\n<\/style>\n<div  class='hr av-dci9n-2a436940652dc3919a3cc58905a1ed76 hr-invisible  avia-builder-el-10  el_after_av_textblock  el_before_av_image '><span class='hr-inner '><span class=\"hr-inner-style\"><\/span><\/span><\/div><br \/>\n\n<style type=\"text\/css\" data-created_by=\"avia_inline_auto\" id=\"style-css-av-kobkij1f-2df17c26579cbe4419fc33514bab9302\">\n.avia-image-container.av-kobkij1f-2df17c26579cbe4419fc33514bab9302 img.avia_image{\nbox-shadow:none;\n}\n.avia-image-container.av-kobkij1f-2df17c26579cbe4419fc33514bab9302 .av-image-caption-overlay-center{\ncolor:#ffffff;\n}\n<\/style>\n<div  class='avia-image-container av-kobkij1f-2df17c26579cbe4419fc33514bab9302 av-styling- av-img-linked avia-align-center  avia-builder-el-11  el_after_av_hr  el_before_av_textblock '   itemprop=\"image\" itemscope=\"itemscope\" itemtype=\"https:\/\/schema.org\/ImageObject\" ><div class=\"avia-image-container-inner\"><div class=\"avia-image-overlay-wrap\"><a href=\"https:\/\/fluidtime.com\/wp-content\/uploads\/2024\/07\/MaaSEcosystemCanvas_BP-1030x718.webp\" data-srcset=\"https:\/\/fluidtime.com\/wp-content\/uploads\/2024\/07\/MaaSEcosystemCanvas_BP-1030x718.webp 1030w, https:\/\/fluidtime.com\/wp-content\/uploads\/2024\/07\/MaaSEcosystemCanvas_BP-300x209.webp 300w, https:\/\/fluidtime.com\/wp-content\/uploads\/2024\/07\/MaaSEcosystemCanvas_BP-768x536.webp 768w, https:\/\/fluidtime.com\/wp-content\/uploads\/2024\/07\/MaaSEcosystemCanvas_BP-705x492.webp 705w, https:\/\/fluidtime.com\/wp-content\/uploads\/2024\/07\/MaaSEcosystemCanvas_BP.webp 1309w\" data-sizes=\"(max-width: 1030px) 100vw, 1030px\" class='avia_image '  target=\"_blank\"  rel=\"noopener noreferrer\" aria-label='MaaSEcosystemCanvas_BP'><img decoding=\"async\" fetchpriority=\"high\" class='wp-image-17755 avia-img-lazy-loading-not-17755 avia_image ' src=\"https:\/\/fluidtime.com\/wp-content\/uploads\/2024\/07\/MaaSEcosystemCanvas_BP.webp\" alt='' title='MaaSEcosystemCanvas_BP'  height=\"913\" width=\"1309\"  itemprop=\"thumbnailUrl\" srcset=\"https:\/\/fluidtime.com\/wp-content\/uploads\/2024\/07\/MaaSEcosystemCanvas_BP.webp 1309w, https:\/\/fluidtime.com\/wp-content\/uploads\/2024\/07\/MaaSEcosystemCanvas_BP-300x209.webp 300w, https:\/\/fluidtime.com\/wp-content\/uploads\/2024\/07\/MaaSEcosystemCanvas_BP-1030x718.webp 1030w, https:\/\/fluidtime.com\/wp-content\/uploads\/2024\/07\/MaaSEcosystemCanvas_BP-768x536.webp 768w, https:\/\/fluidtime.com\/wp-content\/uploads\/2024\/07\/MaaSEcosystemCanvas_BP-705x492.webp 705w\" sizes=\"(max-width: 1309px) 100vw, 1309px\" \/><\/a><\/div><\/div><\/div><br \/>\n<section  class='av_textblock_section av-2r47ob-a38b728c448e243ee23969d2e9773141 '   itemscope=\"itemscope\" itemtype=\"https:\/\/schema.org\/CreativeWork\" ><div class='av-small-hide av-mini-hide avia_textblock'  itemprop=\"text\" ><p style=\"color: #999999; font-size: 0.6em; line-height: normal;\">*MaaS scale: (1= We are thinking about MaaS, 4= We have a good MaaS solution but would like to improve\/expand it)<\/p>\n<\/div><\/section><\/p><\/div>\n","protected":false},"excerpt":{"rendered":"","protected":false},"author":2,"featured_media":0,"parent":18543,"menu_order":0,"comment_status":"closed","ping_status":"closed","template":"","meta":{"footnotes":""},"class_list":["post-18605","page","type-page","status-publish","hentry"],"yoast_head":"<!-- This site is optimized with the Yoast SEO plugin v27.4 - https:\/\/yoast.com\/product\/yoast-seo-wordpress\/ -->\n<title>MaaS \u00d6kosystem Nieder\u00f6sterreich Business Park \u00d6kosystem - EN - Fluidtime<\/title>\n<meta name=\"description\" content=\"Find out more about the Business Park ecosystem in Lower Austria at the Fluidtime MaaS Symposium. Get more information here\" \/>\n<meta name=\"robots\" content=\"index, follow, max-snippet:-1, max-image-preview:large, max-video-preview:-1\" \/>\n<link rel=\"canonical\" href=\"https:\/\/fluidtime.com\/en\/maas-symposium-2021-en\/maas-ecosystem-lower-austria-business-park-ecosystem\/\" \/>\n<meta property=\"og:locale\" content=\"en_US\" \/>\n<meta property=\"og:type\" content=\"article\" \/>\n<meta property=\"og:title\" content=\"MaaS \u00d6kosystem Nieder\u00f6sterreich Business Park \u00d6kosystem - EN - Fluidtime\" \/>\n<meta property=\"og:description\" content=\"Find out more about the Business Park ecosystem in Lower Austria at the Fluidtime MaaS Symposium. Get more information here\" \/>\n<meta property=\"og:url\" content=\"https:\/\/fluidtime.com\/en\/maas-symposium-2021-en\/maas-ecosystem-lower-austria-business-park-ecosystem\/\" \/>\n<meta property=\"og:site_name\" content=\"Fluidtime\" \/>\n<meta property=\"article:publisher\" content=\"https:\/\/www.facebook.com\/fluidtimedataservices\" \/>\n<meta property=\"article:modified_time\" content=\"2024-10-08T10:59:13+00:00\" \/>\n<meta name=\"twitter:card\" content=\"summary_large_image\" \/>\n<meta name=\"twitter:label1\" content=\"Est. reading time\" \/>\n\t<meta name=\"twitter:data1\" content=\"7 minutes\" \/>\n<script type=\"application\/ld+json\" class=\"yoast-schema-graph\">{\"@context\":\"https:\\\/\\\/schema.org\",\"@graph\":[{\"@type\":\"WebPage\",\"@id\":\"https:\\\/\\\/fluidtime.com\\\/en\\\/maas-symposium-2021-en\\\/maas-ecosystem-lower-austria-business-park-ecosystem\\\/\",\"url\":\"https:\\\/\\\/fluidtime.com\\\/en\\\/maas-symposium-2021-en\\\/maas-ecosystem-lower-austria-business-park-ecosystem\\\/\",\"name\":\"MaaS \u00d6kosystem Nieder\u00f6sterreich Business Park \u00d6kosystem - EN - Fluidtime\",\"isPartOf\":{\"@id\":\"https:\\\/\\\/fluidtime.com\\\/en\\\/#website\"},\"primaryImageOfPage\":{\"@id\":\"https:\\\/\\\/fluidtime.com\\\/en\\\/maas-symposium-2021-en\\\/maas-ecosystem-lower-austria-business-park-ecosystem\\\/#primaryimage\"},\"image\":{\"@id\":\"https:\\\/\\\/fluidtime.com\\\/en\\\/maas-symposium-2021-en\\\/maas-ecosystem-lower-austria-business-park-ecosystem\\\/#primaryimage\"},\"thumbnailUrl\":\"https:\\\/\\\/www.fluidtime.com\\\/wp-content\\\/uploads\\\/2022\\\/11\\\/Susanna-Hauptmann-Ambassador-NOE.webp\",\"datePublished\":\"2024-09-03T10:55:03+00:00\",\"dateModified\":\"2024-10-08T10:59:13+00:00\",\"description\":\"Find out more about the Business Park ecosystem in Lower Austria at the Fluidtime MaaS Symposium. Get more information here\",\"breadcrumb\":{\"@id\":\"https:\\\/\\\/fluidtime.com\\\/en\\\/maas-symposium-2021-en\\\/maas-ecosystem-lower-austria-business-park-ecosystem\\\/#breadcrumb\"},\"inLanguage\":\"en-US\",\"potentialAction\":[{\"@type\":\"ReadAction\",\"target\":[\"https:\\\/\\\/fluidtime.com\\\/en\\\/maas-symposium-2021-en\\\/maas-ecosystem-lower-austria-business-park-ecosystem\\\/\"]}]},{\"@type\":\"ImageObject\",\"inLanguage\":\"en-US\",\"@id\":\"https:\\\/\\\/fluidtime.com\\\/en\\\/maas-symposium-2021-en\\\/maas-ecosystem-lower-austria-business-park-ecosystem\\\/#primaryimage\",\"url\":\"https:\\\/\\\/www.fluidtime.com\\\/wp-content\\\/uploads\\\/2022\\\/11\\\/Susanna-Hauptmann-Ambassador-NOE.webp\",\"contentUrl\":\"https:\\\/\\\/www.fluidtime.com\\\/wp-content\\\/uploads\\\/2022\\\/11\\\/Susanna-Hauptmann-Ambassador-NOE.webp\"},{\"@type\":\"BreadcrumbList\",\"@id\":\"https:\\\/\\\/fluidtime.com\\\/en\\\/maas-symposium-2021-en\\\/maas-ecosystem-lower-austria-business-park-ecosystem\\\/#breadcrumb\",\"itemListElement\":[{\"@type\":\"ListItem\",\"position\":1,\"name\":\"Startseite\",\"item\":\"https:\\\/\\\/fluidtime.com\\\/en\\\/home\\\/\"},{\"@type\":\"ListItem\",\"position\":2,\"name\":\"MaaS Symposium 2021 &#8211; EN\",\"item\":\"https:\\\/\\\/fluidtime.com\\\/en\\\/maas-symposium-2021-en\\\/\"},{\"@type\":\"ListItem\",\"position\":3,\"name\":\"MaaS \u00d6kosystem Nieder\u00f6sterreich Business Park \u00d6kosystem &#8211; EN\"}]},{\"@type\":\"WebSite\",\"@id\":\"https:\\\/\\\/fluidtime.com\\\/en\\\/#website\",\"url\":\"https:\\\/\\\/fluidtime.com\\\/en\\\/\",\"name\":\"Fluidtime\",\"description\":\"Ma&szlig;geschneiderte MaaS-L&ouml;sungen f&uuml;r vernetzte und nachhaltige Mobilit&auml;t.\",\"publisher\":{\"@id\":\"https:\\\/\\\/fluidtime.com\\\/en\\\/#organization\"},\"potentialAction\":[{\"@type\":\"SearchAction\",\"target\":{\"@type\":\"EntryPoint\",\"urlTemplate\":\"https:\\\/\\\/fluidtime.com\\\/en\\\/?s={search_term_string}\"},\"query-input\":{\"@type\":\"PropertyValueSpecification\",\"valueRequired\":true,\"valueName\":\"search_term_string\"}}],\"inLanguage\":\"en-US\"},{\"@type\":\"Organization\",\"@id\":\"https:\\\/\\\/fluidtime.com\\\/en\\\/#organization\",\"name\":\"Fluidtime Data Services GmbH\",\"url\":\"https:\\\/\\\/fluidtime.com\\\/en\\\/\",\"logo\":{\"@type\":\"ImageObject\",\"inLanguage\":\"en-US\",\"@id\":\"https:\\\/\\\/fluidtime.com\\\/en\\\/#\\\/schema\\\/logo\\\/image\\\/\",\"url\":\"https:\\\/\\\/fluidtime.com\\\/wp-content\\\/uploads\\\/2024\\\/01\\\/Fluidtime-Logo-2020-260x185-SEO.jpeg\",\"contentUrl\":\"https:\\\/\\\/fluidtime.com\\\/wp-content\\\/uploads\\\/2024\\\/01\\\/Fluidtime-Logo-2020-260x185-SEO.jpeg\",\"width\":260,\"height\":185,\"caption\":\"Fluidtime Data Services GmbH\"},\"image\":{\"@id\":\"https:\\\/\\\/fluidtime.com\\\/en\\\/#\\\/schema\\\/logo\\\/image\\\/\"},\"sameAs\":[\"https:\\\/\\\/www.facebook.com\\\/fluidtimedataservices\",\"http:\\\/\\\/www.linkedin.com\\\/company\\\/fluidtime-data-services-gmbh\",\"https:\\\/\\\/www.youtube.com\\\/channel\\\/UCRX7fPKuLWon5BcXOXGa8Pg\"]}]}<\/script>\n<!-- \/ Yoast SEO plugin. -->","yoast_head_json":{"title":"MaaS \u00d6kosystem Nieder\u00f6sterreich Business Park \u00d6kosystem - EN - Fluidtime","description":"Find out more about the Business Park ecosystem in Lower Austria at the Fluidtime MaaS Symposium. Get more information here","robots":{"index":"index","follow":"follow","max-snippet":"max-snippet:-1","max-image-preview":"max-image-preview:large","max-video-preview":"max-video-preview:-1"},"canonical":"https:\/\/fluidtime.com\/en\/maas-symposium-2021-en\/maas-ecosystem-lower-austria-business-park-ecosystem\/","og_locale":"en_US","og_type":"article","og_title":"MaaS \u00d6kosystem Nieder\u00f6sterreich Business Park \u00d6kosystem - EN - Fluidtime","og_description":"Find out more about the Business Park ecosystem in Lower Austria at the Fluidtime MaaS Symposium. Get more information here","og_url":"https:\/\/fluidtime.com\/en\/maas-symposium-2021-en\/maas-ecosystem-lower-austria-business-park-ecosystem\/","og_site_name":"Fluidtime","article_publisher":"https:\/\/www.facebook.com\/fluidtimedataservices","article_modified_time":"2024-10-08T10:59:13+00:00","twitter_card":"summary_large_image","twitter_misc":{"Est. reading time":"7 minutes"},"schema":{"@context":"https:\/\/schema.org","@graph":[{"@type":"WebPage","@id":"https:\/\/fluidtime.com\/en\/maas-symposium-2021-en\/maas-ecosystem-lower-austria-business-park-ecosystem\/","url":"https:\/\/fluidtime.com\/en\/maas-symposium-2021-en\/maas-ecosystem-lower-austria-business-park-ecosystem\/","name":"MaaS \u00d6kosystem Nieder\u00f6sterreich Business Park \u00d6kosystem - EN - Fluidtime","isPartOf":{"@id":"https:\/\/fluidtime.com\/en\/#website"},"primaryImageOfPage":{"@id":"https:\/\/fluidtime.com\/en\/maas-symposium-2021-en\/maas-ecosystem-lower-austria-business-park-ecosystem\/#primaryimage"},"image":{"@id":"https:\/\/fluidtime.com\/en\/maas-symposium-2021-en\/maas-ecosystem-lower-austria-business-park-ecosystem\/#primaryimage"},"thumbnailUrl":"https:\/\/www.fluidtime.com\/wp-content\/uploads\/2022\/11\/Susanna-Hauptmann-Ambassador-NOE.webp","datePublished":"2024-09-03T10:55:03+00:00","dateModified":"2024-10-08T10:59:13+00:00","description":"Find out more about the Business Park ecosystem in Lower Austria at the Fluidtime MaaS Symposium. Get more information here","breadcrumb":{"@id":"https:\/\/fluidtime.com\/en\/maas-symposium-2021-en\/maas-ecosystem-lower-austria-business-park-ecosystem\/#breadcrumb"},"inLanguage":"en-US","potentialAction":[{"@type":"ReadAction","target":["https:\/\/fluidtime.com\/en\/maas-symposium-2021-en\/maas-ecosystem-lower-austria-business-park-ecosystem\/"]}]},{"@type":"ImageObject","inLanguage":"en-US","@id":"https:\/\/fluidtime.com\/en\/maas-symposium-2021-en\/maas-ecosystem-lower-austria-business-park-ecosystem\/#primaryimage","url":"https:\/\/www.fluidtime.com\/wp-content\/uploads\/2022\/11\/Susanna-Hauptmann-Ambassador-NOE.webp","contentUrl":"https:\/\/www.fluidtime.com\/wp-content\/uploads\/2022\/11\/Susanna-Hauptmann-Ambassador-NOE.webp"},{"@type":"BreadcrumbList","@id":"https:\/\/fluidtime.com\/en\/maas-symposium-2021-en\/maas-ecosystem-lower-austria-business-park-ecosystem\/#breadcrumb","itemListElement":[{"@type":"ListItem","position":1,"name":"Startseite","item":"https:\/\/fluidtime.com\/en\/home\/"},{"@type":"ListItem","position":2,"name":"MaaS Symposium 2021 &#8211; EN","item":"https:\/\/fluidtime.com\/en\/maas-symposium-2021-en\/"},{"@type":"ListItem","position":3,"name":"MaaS \u00d6kosystem Nieder\u00f6sterreich Business Park \u00d6kosystem &#8211; EN"}]},{"@type":"WebSite","@id":"https:\/\/fluidtime.com\/en\/#website","url":"https:\/\/fluidtime.com\/en\/","name":"Fluidtime","description":"Ma&szlig;geschneiderte MaaS-L&ouml;sungen f&uuml;r vernetzte und nachhaltige Mobilit&auml;t.","publisher":{"@id":"https:\/\/fluidtime.com\/en\/#organization"},"potentialAction":[{"@type":"SearchAction","target":{"@type":"EntryPoint","urlTemplate":"https:\/\/fluidtime.com\/en\/?s={search_term_string}"},"query-input":{"@type":"PropertyValueSpecification","valueRequired":true,"valueName":"search_term_string"}}],"inLanguage":"en-US"},{"@type":"Organization","@id":"https:\/\/fluidtime.com\/en\/#organization","name":"Fluidtime Data Services GmbH","url":"https:\/\/fluidtime.com\/en\/","logo":{"@type":"ImageObject","inLanguage":"en-US","@id":"https:\/\/fluidtime.com\/en\/#\/schema\/logo\/image\/","url":"https:\/\/fluidtime.com\/wp-content\/uploads\/2024\/01\/Fluidtime-Logo-2020-260x185-SEO.jpeg","contentUrl":"https:\/\/fluidtime.com\/wp-content\/uploads\/2024\/01\/Fluidtime-Logo-2020-260x185-SEO.jpeg","width":260,"height":185,"caption":"Fluidtime Data Services GmbH"},"image":{"@id":"https:\/\/fluidtime.com\/en\/#\/schema\/logo\/image\/"},"sameAs":["https:\/\/www.facebook.com\/fluidtimedataservices","http:\/\/www.linkedin.com\/company\/fluidtime-data-services-gmbh","https:\/\/www.youtube.com\/channel\/UCRX7fPKuLWon5BcXOXGa8Pg"]}]}},"_links":{"self":[{"href":"https:\/\/fluidtime.com\/en\/wp-json\/wp\/v2\/pages\/18605","targetHints":{"allow":["GET"]}}],"collection":[{"href":"https:\/\/fluidtime.com\/en\/wp-json\/wp\/v2\/pages"}],"about":[{"href":"https:\/\/fluidtime.com\/en\/wp-json\/wp\/v2\/types\/page"}],"author":[{"embeddable":true,"href":"https:\/\/fluidtime.com\/en\/wp-json\/wp\/v2\/users\/2"}],"replies":[{"embeddable":true,"href":"https:\/\/fluidtime.com\/en\/wp-json\/wp\/v2\/comments?post=18605"}],"version-history":[{"count":4,"href":"https:\/\/fluidtime.com\/en\/wp-json\/wp\/v2\/pages\/18605\/revisions"}],"predecessor-version":[{"id":18752,"href":"https:\/\/fluidtime.com\/en\/wp-json\/wp\/v2\/pages\/18605\/revisions\/18752"}],"up":[{"embeddable":true,"href":"https:\/\/fluidtime.com\/en\/wp-json\/wp\/v2\/pages\/18543"}],"wp:attachment":[{"href":"https:\/\/fluidtime.com\/en\/wp-json\/wp\/v2\/media?parent=18605"}],"curies":[{"name":"wp","href":"https:\/\/api.w.org\/{rel}","templated":true}]}}